{"id":35335,"date":"2024-05-15T10:32:45","date_gmt":"2024-05-15T08:32:45","guid":{"rendered":"https:\/\/thinkeat.cat\/producto\/comenca-ja\/"},"modified":"2024-07-09T13:48:31","modified_gmt":"2024-07-09T11:48:31","slug":"empieza-ya","status":"publish","type":"product","link":"https:\/\/thinkeat.cat\/es\/producto\/empieza-ya\/","title":{"rendered":"Pack \u00a1Empieza ya! (3 visitas)"},"content":{"rendered":"[et_pb_section fb_built=\u00bb1&#8243; _builder_version=\u00bb4.16&#8243; custom_padding=\u00bb0px||||false|false\u00bb global_colors_info=\u00bb{}\u00bb][et_pb_row _builder_version=\u00bb4.16&#8243; background_size=\u00bbinitial\u00bb background_position=\u00bbtop_left\u00bb background_repeat=\u00bbrepeat\u00bb width=\u00bb100%\u00bb custom_padding=\u00bb0px||0px||false|false\u00bb global_colors_info=\u00bb{}\u00bb][et_pb_column type=\u00bb4_4&#8243; _builder_version=\u00bb4.16&#8243; custom_padding=\u00bb|||\u00bb global_colors_info=\u00bb{}\u00bb custom_padding__hover=\u00bb|||\u00bb][et_pb_wc_breadcrumb _builder_version=\u00bb4.16&#8243; global_colors_info=\u00bb{}\u00bb][\/et_pb_wc_breadcrumb][et_pb_wc_cart_notice _builder_version=\u00bb4.16&#8243; global_colors_info=\u00bb{}\u00bb][\/et_pb_wc_cart_notice][\/et_pb_column][\/et_pb_row][et_pb_row column_structure=\u00bb1_2,1_2&#8243; _builder_version=\u00bb4.16&#8243; background_size=\u00bbinitial\u00bb background_position=\u00bbtop_left\u00bb background_repeat=\u00bbrepeat\u00bb width=\u00bb100%\u00bb custom_padding=\u00bb0px||||false|false\u00bb global_colors_info=\u00bb{}\u00bb][et_pb_column type=\u00bb1_2&#8243; _builder_version=\u00bb4.16&#8243; custom_padding=\u00bb|||\u00bb global_colors_info=\u00bb{}\u00bb custom_padding__hover=\u00bb|||\u00bb][et_pb_wc_images _builder_version=\u00bb4.16&#8243; global_colors_info=\u00bb{}\u00bb][\/et_pb_wc_images][\/et_pb_column][et_pb_column type=\u00bb1_2&#8243; _builder_version=\u00bb4.16&#8243; custom_padding=\u00bb|||\u00bb global_colors_info=\u00bb{}\u00bb custom_padding__hover=\u00bb|||\u00bb][et_pb_wc_title _builder_version=\u00bb4.16&#8243; global_colors_info=\u00bb{}\u00bb][\/et_pb_wc_title][et_pb_wc_rating _builder_version=\u00bb4.16&#8243; global_colors_info=\u00bb{}\u00bb][\/et_pb_wc_rating][et_pb_wc_price _builder_version=\u00bb4.16&#8243; global_colors_info=\u00bb{}\u00bb][\/et_pb_wc_price][et_pb_wc_description _builder_version=\u00bb4.16&#8243; global_colors_info=\u00bb{}\u00bb][\/et_pb_wc_description][et_pb_wc_add_to_cart _builder_version=\u00bb4.16&#8243; global_colors_info=\u00bb{}\u00bb][\/et_pb_wc_add_to_cart][et_pb_wc_meta _builder_version=\u00bb4.16&#8243; global_colors_info=\u00bb{}\u00bb][\/et_pb_wc_meta][\/et_pb_column][\/et_pb_row][et_pb_row _builder_version=\u00bb4.16&#8243; background_size=\u00bbinitial\u00bb background_position=\u00bbtop_left\u00bb background_repeat=\u00bbrepeat\u00bb width=\u00bb100%\u00bb global_colors_info=\u00bb{}\u00bb][et_pb_column type=\u00bb4_4&#8243; _builder_version=\u00bb4.16&#8243; custom_padding=\u00bb|||\u00bb global_colors_info=\u00bb{}\u00bb custom_padding__hover=\u00bb|||\u00bb][et_pb_wc_tabs _builder_version=\u00bb4.16&#8243; global_colors_info=\u00bb{}\u00bb]\t\t\t\t\t[\/et_pb_wc_tabs][et_pb_wc_upsells _builder_version=\u00bb4.16&#8243; global_colors_info=\u00bb{}\u00bb][\/et_pb_wc_upsells][et_pb_wc_related_products _builder_version=\u00bb4.16&#8243; global_colors_info=\u00bb{}\u00bb][\/et_pb_wc_related_products][\/et_pb_column][\/et_pb_row][\/et_pb_section]\n","protected":false},"excerpt":{"rendered":"","protected":false},"featured_media":34894,"comment_status":"closed","ping_status":"closed","template":"","meta":{"_et_pb_use_builder":"on","_et_pb_old_content":"<div class=\"et_pb_module et_pb_text et_pb_text_2 et_pb_text_align_left et_pb_bg_layout_light\">\r\n<div class=\"et_pb_text_inner\">\r\n\r\n<strong>\u00a1Empieza ya!<\/strong> Es tu primer paso hacia una vida m\u00e1s saludable y equilibrada. Con este paquete, te proporcionamos un completo asesoramiento nutricional que incluye una primera visita de 90 minutos y dos visitas de control de 45 minutos cada una. Ideal para aquellos que desean iniciarse en el camino del cuidado personal y necesitan un apoyo constante y profesional.\r\n\r\n<strong>Incluye:<\/strong>\r\n<ul>\r\n \t<li><strong>Primera visita (90 minutos):<\/strong> Evaluaci\u00f3n inicial detallada, donde analizaremos tu historial m\u00e9dico, h\u00e1bitos alimenticios y objetivos personales. Te ofrecemos recomendaciones nutricionales personalizadas y estableceremos un plan de acci\u00f3n espec\u00edfico para ti.<\/li>\r\n \t<li><strong>Visitas de control (45 minutos cada una):<\/strong> Seguimiento y ajuste de tu plan nutricional, resolvemos dudas y te proporcionamos soporte continuo para asegurarte de que est\u00e1s en el buen camino hacia tus objetivos.<\/li>\r\n<\/ul>\r\n<strong>\u00a1Empieza a cuidarte ahora mismo con \u00a1Empieza ya! Y da el primer paso hacia una vida m\u00e1s saludable.<\/strong>\r\n\r\n<\/div>\r\n<\/div>","_et_gb_content_width":""},"product_brand":[],"product_cat":[186],"product_tag":[],"class_list":{"0":"post-35335","1":"product","2":"type-product","3":"status-publish","4":"has-post-thumbnail","6":"product_cat-productes","8":"first","9":"instock","10":"taxable","11":"shipping-taxable","12":"purchasable","13":"product-type-simple"},"yoast_head":"<!-- This site is optimized with the Yoast SEO plugin v27.5 - https:\/\/yoast.com\/product\/yoast-seo-wordpress\/ -->\n<title>Pack \u00a1Empieza ya! (3 visitas) - Think Eat | Espai de Nutrici\u00f3 | Barcelona<\/title>\n<meta name=\"description\" content=\"\u00a1Empieza a cuidarte ahora mismo con el pack \u00a1Empieza ya! Y da el primer paso hacia una vida mucho m\u00e1s saludable con nosotras.\" \/>\n<meta name=\"robots\" content=\"index, follow, max-snippet:-1, max-image-preview:large, max-video-preview:-1\" \/>\n<link rel=\"canonical\" href=\"https:\/\/thinkeat.cat\/es\/producto\/empieza-ya\/\" \/>\n<meta property=\"og:locale\" content=\"es_ES\" \/>\n<meta property=\"og:type\" content=\"article\" \/>\n<meta property=\"og:title\" content=\"Pack \u00a1Empieza ya! (3 visitas) - Think Eat | Espai de Nutrici\u00f3 | Barcelona\" \/>\n<meta property=\"og:description\" content=\"\u00a1Empieza a cuidarte ahora mismo con el pack \u00a1Empieza ya! Y da el primer paso hacia una vida mucho m\u00e1s saludable con nosotras.\" \/>\n<meta property=\"og:url\" content=\"https:\/\/thinkeat.cat\/es\/producto\/empieza-ya\/\" \/>\n<meta property=\"og:site_name\" content=\"Think Eat | Espai de Nutrici\u00f3 | Barcelona\" \/>\n<meta property=\"article:publisher\" content=\"https:\/\/www.facebook.com\/EspaiThinkEat\/\" \/>\n<meta property=\"article:modified_time\" content=\"2024-07-09T11:48:31+00:00\" \/>\n<meta property=\"og:image\" content=\"https:\/\/thinkeat.cat\/wp-content\/uploads\/2024\/05\/coach2.jpg\" \/>\n\t<meta property=\"og:image:width\" content=\"1000\" \/>\n\t<meta property=\"og:image:height\" content=\"1039\" \/>\n\t<meta property=\"og:image:type\" content=\"image\/jpeg\" \/>\n<meta name=\"twitter:label1\" content=\"Tiempo de lectura\" \/>\n\t<meta name=\"twitter:data1\" content=\"1 minuto\" \/>\n<script type=\"application\/ld+json\" class=\"yoast-schema-graph\">{\"@context\":\"https:\\\/\\\/schema.org\",\"@graph\":[{\"@type\":\"WebPage\",\"@id\":\"https:\\\/\\\/thinkeat.cat\\\/es\\\/producto\\\/empieza-ya\\\/\",\"url\":\"https:\\\/\\\/thinkeat.cat\\\/es\\\/producto\\\/empieza-ya\\\/\",\"name\":\"Pack \u00a1Empieza ya! (3 visitas) - Think Eat | Espai de Nutrici\u00f3 | Barcelona\",\"isPartOf\":{\"@id\":\"https:\\\/\\\/thinkeat.cat\\\/#website\"},\"primaryImageOfPage\":{\"@id\":\"https:\\\/\\\/thinkeat.cat\\\/es\\\/producto\\\/empieza-ya\\\/#primaryimage\"},\"image\":{\"@id\":\"https:\\\/\\\/thinkeat.cat\\\/es\\\/producto\\\/empieza-ya\\\/#primaryimage\"},\"thumbnailUrl\":\"https:\\\/\\\/thinkeat.cat\\\/wp-content\\\/uploads\\\/2024\\\/05\\\/coach2.jpg\",\"datePublished\":\"2024-05-15T08:32:45+00:00\",\"dateModified\":\"2024-07-09T11:48:31+00:00\",\"description\":\"\u00a1Empieza a cuidarte ahora mismo con el pack \u00a1Empieza ya! Y da el primer paso hacia una vida mucho m\u00e1s saludable con nosotras.\",\"breadcrumb\":{\"@id\":\"https:\\\/\\\/thinkeat.cat\\\/es\\\/producto\\\/empieza-ya\\\/#breadcrumb\"},\"inLanguage\":\"es\",\"potentialAction\":[{\"@type\":\"ReadAction\",\"target\":[\"https:\\\/\\\/thinkeat.cat\\\/es\\\/producto\\\/empieza-ya\\\/\"]}]},{\"@type\":\"ImageObject\",\"inLanguage\":\"es\",\"@id\":\"https:\\\/\\\/thinkeat.cat\\\/es\\\/producto\\\/empieza-ya\\\/#primaryimage\",\"url\":\"https:\\\/\\\/thinkeat.cat\\\/wp-content\\\/uploads\\\/2024\\\/05\\\/coach2.jpg\",\"contentUrl\":\"https:\\\/\\\/thinkeat.cat\\\/wp-content\\\/uploads\\\/2024\\\/05\\\/coach2.jpg\",\"width\":1000,\"height\":1039},{\"@type\":\"BreadcrumbList\",\"@id\":\"https:\\\/\\\/thinkeat.cat\\\/es\\\/producto\\\/empieza-ya\\\/#breadcrumb\",\"itemListElement\":[{\"@type\":\"ListItem\",\"position\":1,\"name\":\"Portada\",\"item\":\"https:\\\/\\\/thinkeat.cat\\\/\"},{\"@type\":\"ListItem\",\"position\":2,\"name\":\"SERVEIS I PRODUCTES\",\"item\":\"https:\\\/\\\/thinkeat.cat\\\/seveis-i-productes\\\/\"},{\"@type\":\"ListItem\",\"position\":3,\"name\":\"Pack \u00a1Empieza ya! (3 visitas)\"}]},{\"@type\":\"WebSite\",\"@id\":\"https:\\\/\\\/thinkeat.cat\\\/#website\",\"url\":\"https:\\\/\\\/thinkeat.cat\\\/\",\"name\":\"Think Eat | Espai de Nutrici\u00f3 | Barcelona\",\"description\":\"Think Eat, el teu espai d&#039;assessorament i coaching nutricional dedicat a guiar-te cap a una vida plena de salut i benestar.\",\"publisher\":{\"@id\":\"https:\\\/\\\/thinkeat.cat\\\/#organization\"},\"alternateName\":\"Think Eat\",\"potentialAction\":[{\"@type\":\"SearchAction\",\"target\":{\"@type\":\"EntryPoint\",\"urlTemplate\":\"https:\\\/\\\/thinkeat.cat\\\/?s={search_term_string}\"},\"query-input\":{\"@type\":\"PropertyValueSpecification\",\"valueRequired\":true,\"valueName\":\"search_term_string\"}}],\"inLanguage\":\"es\"},{\"@type\":\"Organization\",\"@id\":\"https:\\\/\\\/thinkeat.cat\\\/#organization\",\"name\":\"Think Eat | Espai de Nutrici\u00f3 | Barcelona\",\"alternateName\":\"Think Eat\",\"url\":\"https:\\\/\\\/thinkeat.cat\\\/\",\"logo\":{\"@type\":\"ImageObject\",\"inLanguage\":\"es\",\"@id\":\"https:\\\/\\\/thinkeat.cat\\\/#\\\/schema\\\/logo\\\/image\\\/\",\"url\":\"https:\\\/\\\/thinkeat.cat\\\/wp-content\\\/uploads\\\/2024\\\/05\\\/Logo-1.png\",\"contentUrl\":\"https:\\\/\\\/thinkeat.cat\\\/wp-content\\\/uploads\\\/2024\\\/05\\\/Logo-1.png\",\"width\":587,\"height\":128,\"caption\":\"Think Eat | Espai de Nutrici\u00f3 | Barcelona\"},\"image\":{\"@id\":\"https:\\\/\\\/thinkeat.cat\\\/#\\\/schema\\\/logo\\\/image\\\/\"},\"sameAs\":[\"https:\\\/\\\/www.facebook.com\\\/EspaiThinkEat\\\/\",\"https:\\\/\\\/www.instagram.com\\\/EspaiThinkEat\"]}]}<\/script>\n<!-- \/ Yoast SEO plugin. -->","yoast_head_json":{"title":"Pack \u00a1Empieza ya! (3 visitas) - Think Eat | Espai de Nutrici\u00f3 | Barcelona","description":"\u00a1Empieza a cuidarte ahora mismo con el pack \u00a1Empieza ya! Y da el primer paso hacia una vida mucho m\u00e1s saludable con nosotras.","robots":{"index":"index","follow":"follow","max-snippet":"max-snippet:-1","max-image-preview":"max-image-preview:large","max-video-preview":"max-video-preview:-1"},"canonical":"https:\/\/thinkeat.cat\/es\/producto\/empieza-ya\/","og_locale":"es_ES","og_type":"article","og_title":"Pack \u00a1Empieza ya! (3 visitas) - Think Eat | Espai de Nutrici\u00f3 | Barcelona","og_description":"\u00a1Empieza a cuidarte ahora mismo con el pack \u00a1Empieza ya! Y da el primer paso hacia una vida mucho m\u00e1s saludable con nosotras.","og_url":"https:\/\/thinkeat.cat\/es\/producto\/empieza-ya\/","og_site_name":"Think Eat | Espai de Nutrici\u00f3 | Barcelona","article_publisher":"https:\/\/www.facebook.com\/EspaiThinkEat\/","article_modified_time":"2024-07-09T11:48:31+00:00","og_image":[{"width":1000,"height":1039,"url":"https:\/\/thinkeat.cat\/wp-content\/uploads\/2024\/05\/coach2.jpg","type":"image\/jpeg"}],"twitter_misc":{"Tiempo de lectura":"1 minuto"},"schema":{"@context":"https:\/\/schema.org","@graph":[{"@type":"WebPage","@id":"https:\/\/thinkeat.cat\/es\/producto\/empieza-ya\/","url":"https:\/\/thinkeat.cat\/es\/producto\/empieza-ya\/","name":"Pack \u00a1Empieza ya! (3 visitas) - Think Eat | Espai de Nutrici\u00f3 | Barcelona","isPartOf":{"@id":"https:\/\/thinkeat.cat\/#website"},"primaryImageOfPage":{"@id":"https:\/\/thinkeat.cat\/es\/producto\/empieza-ya\/#primaryimage"},"image":{"@id":"https:\/\/thinkeat.cat\/es\/producto\/empieza-ya\/#primaryimage"},"thumbnailUrl":"https:\/\/thinkeat.cat\/wp-content\/uploads\/2024\/05\/coach2.jpg","datePublished":"2024-05-15T08:32:45+00:00","dateModified":"2024-07-09T11:48:31+00:00","description":"\u00a1Empieza a cuidarte ahora mismo con el pack \u00a1Empieza ya! Y da el primer paso hacia una vida mucho m\u00e1s saludable con nosotras.","breadcrumb":{"@id":"https:\/\/thinkeat.cat\/es\/producto\/empieza-ya\/#breadcrumb"},"inLanguage":"es","potentialAction":[{"@type":"ReadAction","target":["https:\/\/thinkeat.cat\/es\/producto\/empieza-ya\/"]}]},{"@type":"ImageObject","inLanguage":"es","@id":"https:\/\/thinkeat.cat\/es\/producto\/empieza-ya\/#primaryimage","url":"https:\/\/thinkeat.cat\/wp-content\/uploads\/2024\/05\/coach2.jpg","contentUrl":"https:\/\/thinkeat.cat\/wp-content\/uploads\/2024\/05\/coach2.jpg","width":1000,"height":1039},{"@type":"BreadcrumbList","@id":"https:\/\/thinkeat.cat\/es\/producto\/empieza-ya\/#breadcrumb","itemListElement":[{"@type":"ListItem","position":1,"name":"Portada","item":"https:\/\/thinkeat.cat\/"},{"@type":"ListItem","position":2,"name":"SERVEIS I PRODUCTES","item":"https:\/\/thinkeat.cat\/seveis-i-productes\/"},{"@type":"ListItem","position":3,"name":"Pack \u00a1Empieza ya! (3 visitas)"}]},{"@type":"WebSite","@id":"https:\/\/thinkeat.cat\/#website","url":"https:\/\/thinkeat.cat\/","name":"Think Eat | Espai de Nutrici\u00f3 | Barcelona","description":"Think Eat, el teu espai d&#039;assessorament i coaching nutricional dedicat a guiar-te cap a una vida plena de salut i benestar.","publisher":{"@id":"https:\/\/thinkeat.cat\/#organization"},"alternateName":"Think Eat","potentialAction":[{"@type":"SearchAction","target":{"@type":"EntryPoint","urlTemplate":"https:\/\/thinkeat.cat\/?s={search_term_string}"},"query-input":{"@type":"PropertyValueSpecification","valueRequired":true,"valueName":"search_term_string"}}],"inLanguage":"es"},{"@type":"Organization","@id":"https:\/\/thinkeat.cat\/#organization","name":"Think Eat | Espai de Nutrici\u00f3 | Barcelona","alternateName":"Think Eat","url":"https:\/\/thinkeat.cat\/","logo":{"@type":"ImageObject","inLanguage":"es","@id":"https:\/\/thinkeat.cat\/#\/schema\/logo\/image\/","url":"https:\/\/thinkeat.cat\/wp-content\/uploads\/2024\/05\/Logo-1.png","contentUrl":"https:\/\/thinkeat.cat\/wp-content\/uploads\/2024\/05\/Logo-1.png","width":587,"height":128,"caption":"Think Eat | Espai de Nutrici\u00f3 | Barcelona"},"image":{"@id":"https:\/\/thinkeat.cat\/#\/schema\/logo\/image\/"},"sameAs":["https:\/\/www.facebook.com\/EspaiThinkEat\/","https:\/\/www.instagram.com\/EspaiThinkEat"]}]}},"_links":{"self":[{"href":"https:\/\/thinkeat.cat\/es\/wp-json\/wp\/v2\/product\/35335","targetHints":{"allow":["GET"]}}],"collection":[{"href":"https:\/\/thinkeat.cat\/es\/wp-json\/wp\/v2\/product"}],"about":[{"href":"https:\/\/thinkeat.cat\/es\/wp-json\/wp\/v2\/types\/product"}],"replies":[{"embeddable":true,"href":"https:\/\/thinkeat.cat\/es\/wp-json\/wp\/v2\/comments?post=35335"}],"wp:featuredmedia":[{"embeddable":true,"href":"https:\/\/thinkeat.cat\/es\/wp-json\/wp\/v2\/media\/34894"}],"wp:attachment":[{"href":"https:\/\/thinkeat.cat\/es\/wp-json\/wp\/v2\/media?parent=35335"}],"wp:term":[{"taxonomy":"product_brand","embeddable":true,"href":"https:\/\/thinkeat.cat\/es\/wp-json\/wp\/v2\/product_brand?post=35335"},{"taxonomy":"product_cat","embeddable":true,"href":"https:\/\/thinkeat.cat\/es\/wp-json\/wp\/v2\/product_cat?post=35335"},{"taxonomy":"product_tag","embeddable":true,"href":"https:\/\/thinkeat.cat\/es\/wp-json\/wp\/v2\/product_tag?post=35335"}],"curies":[{"name":"wp","href":"https:\/\/api.w.org\/{rel}","templated":true}]}}