{"id":35325,"date":"2024-05-15T11:06:07","date_gmt":"2024-05-15T09:06:07","guid":{"rendered":"https:\/\/thinkeat.cat\/producto\/analisi-de-la-composicio-corporal\/"},"modified":"2024-07-09T13:22:19","modified_gmt":"2024-07-09T11:22:19","slug":"analisis-de-la-composicion-corporal","status":"publish","type":"product","link":"https:\/\/thinkeat.cat\/es\/producto\/analisis-de-la-composicion-corporal\/","title":{"rendered":"An\u00e1lisis de la composici\u00f3n corporal"},"content":{"rendered":"<div class=\"et_pb_module et_pb_text et_pb_text_2 et_pb_text_align_left et_pb_bg_layout_light\">\n<div class=\"et_pb_text_inner\">\n<h3><em><strong>Duraci\u00f3n: 30 minutos<\/strong><\/em><\/h3>\n<p>El <strong>An\u00e1lisis de la Composici\u00f3n Corporal<\/strong> es una valiosa herramienta para entender mejor tu cuerpo y tu salud. Esta sesi\u00f3n consta de 15 minutos de valoraci\u00f3n de tu composici\u00f3n corporal, en la que mediremos diferentes aspectos como el porcentaje de grasa, masa muscular y otros indicadores clave.<\/p>\n<p><strong>Incluye:<\/strong><\/p>\n<ul>\n<li><strong>15 minutos de valoraci\u00f3n:<\/strong> Mediremos y analizaremos tus niveles de grasa corporal, masa muscular y otros par\u00e1metros importantes.<\/li>\n<li><strong>Informe de resultados:<\/strong> Al finalizar la sesi\u00f3n recibir\u00e1s un informe detallado con los resultados de tu an\u00e1lisis de composici\u00f3n.<\/li>\n<\/ul>\n<p>Aprovecha esta sesi\u00f3n para obtener informaci\u00f3n precisa y \u00fatil sobre su estado f\u00edsico y toma el control de tu salud con Think&#8217;Eat.<\/p>\n<\/div>\n<\/div>\n","protected":false},"excerpt":{"rendered":"<p>Duraci\u00f3n: 30 minutos El An\u00e1lisis de la Composici\u00f3n Corporal es una valiosa herramienta para entender mejor tu cuerpo y tu salud. Esta sesi\u00f3n consta de 15 minutos de valoraci\u00f3n de tu composici\u00f3n corporal, en la que mediremos diferentes aspectos como el porcentaje de grasa, masa muscular y otros indicadores clave. Incluye: 15 minutos de valoraci\u00f3n: [&hellip;]<\/p>\n","protected":false},"featured_media":34907,"comment_status":"closed","ping_status":"closed","template":"","meta":{"_et_pb_use_builder":"on","_et_pb_old_content":"<div class=\"et_pb_module et_pb_text et_pb_text_2 et_pb_text_align_left et_pb_bg_layout_light\">\r\n<div class=\"et_pb_text_inner\">\r\n<h3><em><strong>Duraci\u00f3n: 30 minutos<\/strong><\/em><\/h3>\r\nEl <strong>An\u00e1lisis de la Composici\u00f3n Corporal<\/strong> es una valiosa herramienta para entender mejor tu cuerpo y tu salud. Esta sesi\u00f3n consta de 15 minutos de valoraci\u00f3n de tu composici\u00f3n corporal, en la que mediremos diferentes aspectos como el porcentaje de grasa, masa muscular y otros indicadores clave.\r\n\r\n<strong>Incluye:<\/strong>\r\n<ul>\r\n \t<li><strong>15 minutos de valoraci\u00f3n:<\/strong> Mediremos y analizaremos tus niveles de grasa corporal, masa muscular y otros par\u00e1metros importantes.<\/li>\r\n \t<li><strong>Informe de resultados:<\/strong> Al finalizar la sesi\u00f3n recibir\u00e1s un informe detallado con los resultados de tu an\u00e1lisis de composici\u00f3n.<\/li>\r\n<\/ul>\r\nAprovecha esta sesi\u00f3n para obtener informaci\u00f3n precisa y \u00fatil sobre su estado f\u00edsico y toma el control de tu salud con Think'Eat.\r\n\r\n<\/div>\r\n<\/div>","_et_gb_content_width":""},"product_brand":[],"product_cat":[186],"product_tag":[],"class_list":{"0":"post-35325","1":"product","2":"type-product","3":"status-publish","4":"has-post-thumbnail","6":"product_cat-productes","8":"first","9":"instock","10":"taxable","11":"shipping-taxable","12":"purchasable","13":"product-type-simple"},"yoast_head":"<!-- This site is optimized with the Yoast SEO plugin v27.6 - https:\/\/yoast.com\/product\/yoast-seo-wordpress\/ -->\n<title>An\u00e1lisis de la composici\u00f3n corporal - Think Eat | Espai de Nutrici\u00f3 | Barcelona<\/title>\n<meta name=\"description\" content=\"Hazte un an\u00e1lisis corporal y obt\u00e9n informaci\u00f3n precisa y \u00fatil sobre su estado f\u00edsico y toma el control de tu salud con Think&#039;Eat.\" \/>\n<meta name=\"robots\" content=\"index, follow, max-snippet:-1, max-image-preview:large, max-video-preview:-1\" \/>\n<link rel=\"canonical\" href=\"https:\/\/thinkeat.cat\/es\/producto\/analisis-de-la-composicion-corporal\/\" \/>\n<meta property=\"og:locale\" content=\"es_ES\" \/>\n<meta property=\"og:type\" content=\"article\" \/>\n<meta property=\"og:title\" content=\"An\u00e1lisis de la composici\u00f3n corporal - Think Eat | Espai de Nutrici\u00f3 | Barcelona\" \/>\n<meta property=\"og:description\" content=\"Hazte un an\u00e1lisis corporal y obt\u00e9n informaci\u00f3n precisa y \u00fatil sobre su estado f\u00edsico y toma el control de tu salud con Think&#039;Eat.\" \/>\n<meta property=\"og:url\" content=\"https:\/\/thinkeat.cat\/es\/producto\/analisis-de-la-composicion-corporal\/\" \/>\n<meta property=\"og:site_name\" content=\"Think Eat | Espai de Nutrici\u00f3 | Barcelona\" \/>\n<meta property=\"article:publisher\" content=\"https:\/\/www.facebook.com\/EspaiThinkEat\/\" \/>\n<meta property=\"article:modified_time\" content=\"2024-07-09T11:22:19+00:00\" \/>\n<meta property=\"og:image\" content=\"https:\/\/thinkeat.cat\/wp-content\/uploads\/2024\/05\/analisi.jpg\" \/>\n\t<meta property=\"og:image:width\" content=\"1000\" \/>\n\t<meta property=\"og:image:height\" content=\"1039\" \/>\n\t<meta property=\"og:image:type\" content=\"image\/jpeg\" \/>\n<meta name=\"twitter:label1\" content=\"Tiempo de lectura\" \/>\n\t<meta name=\"twitter:data1\" content=\"1 minuto\" \/>\n<script type=\"application\/ld+json\" class=\"yoast-schema-graph\">{\"@context\":\"https:\\\/\\\/schema.org\",\"@graph\":[{\"@type\":\"WebPage\",\"@id\":\"https:\\\/\\\/thinkeat.cat\\\/es\\\/producto\\\/analisis-de-la-composicion-corporal\\\/\",\"url\":\"https:\\\/\\\/thinkeat.cat\\\/es\\\/producto\\\/analisis-de-la-composicion-corporal\\\/\",\"name\":\"An\u00e1lisis de la composici\u00f3n corporal - Think Eat | Espai de Nutrici\u00f3 | Barcelona\",\"isPartOf\":{\"@id\":\"https:\\\/\\\/thinkeat.cat\\\/#website\"},\"primaryImageOfPage\":{\"@id\":\"https:\\\/\\\/thinkeat.cat\\\/es\\\/producto\\\/analisis-de-la-composicion-corporal\\\/#primaryimage\"},\"image\":{\"@id\":\"https:\\\/\\\/thinkeat.cat\\\/es\\\/producto\\\/analisis-de-la-composicion-corporal\\\/#primaryimage\"},\"thumbnailUrl\":\"https:\\\/\\\/thinkeat.cat\\\/wp-content\\\/uploads\\\/2024\\\/05\\\/analisi.jpg\",\"datePublished\":\"2024-05-15T09:06:07+00:00\",\"dateModified\":\"2024-07-09T11:22:19+00:00\",\"description\":\"Hazte un an\u00e1lisis corporal y obt\u00e9n informaci\u00f3n precisa y \u00fatil sobre su estado f\u00edsico y toma el control de tu salud con Think'Eat.\",\"breadcrumb\":{\"@id\":\"https:\\\/\\\/thinkeat.cat\\\/es\\\/producto\\\/analisis-de-la-composicion-corporal\\\/#breadcrumb\"},\"inLanguage\":\"es\",\"potentialAction\":[{\"@type\":\"ReadAction\",\"target\":[\"https:\\\/\\\/thinkeat.cat\\\/es\\\/producto\\\/analisis-de-la-composicion-corporal\\\/\"]}]},{\"@type\":\"ImageObject\",\"inLanguage\":\"es\",\"@id\":\"https:\\\/\\\/thinkeat.cat\\\/es\\\/producto\\\/analisis-de-la-composicion-corporal\\\/#primaryimage\",\"url\":\"https:\\\/\\\/thinkeat.cat\\\/wp-content\\\/uploads\\\/2024\\\/05\\\/analisi.jpg\",\"contentUrl\":\"https:\\\/\\\/thinkeat.cat\\\/wp-content\\\/uploads\\\/2024\\\/05\\\/analisi.jpg\",\"width\":1000,\"height\":1039},{\"@type\":\"BreadcrumbList\",\"@id\":\"https:\\\/\\\/thinkeat.cat\\\/es\\\/producto\\\/analisis-de-la-composicion-corporal\\\/#breadcrumb\",\"itemListElement\":[{\"@type\":\"ListItem\",\"position\":1,\"name\":\"Portada\",\"item\":\"https:\\\/\\\/thinkeat.cat\\\/\"},{\"@type\":\"ListItem\",\"position\":2,\"name\":\"SERVEIS I PRODUCTES\",\"item\":\"https:\\\/\\\/thinkeat.cat\\\/seveis-i-productes\\\/\"},{\"@type\":\"ListItem\",\"position\":3,\"name\":\"An\u00e1lisis de la composici\u00f3n corporal\"}]},{\"@type\":\"WebSite\",\"@id\":\"https:\\\/\\\/thinkeat.cat\\\/#website\",\"url\":\"https:\\\/\\\/thinkeat.cat\\\/\",\"name\":\"Think Eat | Espai de Nutrici\u00f3 | Barcelona\",\"description\":\"Think Eat, el teu espai d&#039;assessorament i coaching nutricional dedicat a guiar-te cap a una vida plena de salut i benestar.\",\"publisher\":{\"@id\":\"https:\\\/\\\/thinkeat.cat\\\/#organization\"},\"alternateName\":\"Think Eat\",\"potentialAction\":[{\"@type\":\"SearchAction\",\"target\":{\"@type\":\"EntryPoint\",\"urlTemplate\":\"https:\\\/\\\/thinkeat.cat\\\/?s={search_term_string}\"},\"query-input\":{\"@type\":\"PropertyValueSpecification\",\"valueRequired\":true,\"valueName\":\"search_term_string\"}}],\"inLanguage\":\"es\"},{\"@type\":\"Organization\",\"@id\":\"https:\\\/\\\/thinkeat.cat\\\/#organization\",\"name\":\"Think Eat | Espai de Nutrici\u00f3 | Barcelona\",\"alternateName\":\"Think Eat\",\"url\":\"https:\\\/\\\/thinkeat.cat\\\/\",\"logo\":{\"@type\":\"ImageObject\",\"inLanguage\":\"es\",\"@id\":\"https:\\\/\\\/thinkeat.cat\\\/#\\\/schema\\\/logo\\\/image\\\/\",\"url\":\"https:\\\/\\\/thinkeat.cat\\\/wp-content\\\/uploads\\\/2024\\\/05\\\/Logo-1.png\",\"contentUrl\":\"https:\\\/\\\/thinkeat.cat\\\/wp-content\\\/uploads\\\/2024\\\/05\\\/Logo-1.png\",\"width\":587,\"height\":128,\"caption\":\"Think Eat | Espai de Nutrici\u00f3 | Barcelona\"},\"image\":{\"@id\":\"https:\\\/\\\/thinkeat.cat\\\/#\\\/schema\\\/logo\\\/image\\\/\"},\"sameAs\":[\"https:\\\/\\\/www.facebook.com\\\/EspaiThinkEat\\\/\",\"https:\\\/\\\/www.instagram.com\\\/EspaiThinkEat\"]}]}<\/script>\n<!-- \/ Yoast SEO plugin. -->","yoast_head_json":{"title":"An\u00e1lisis de la composici\u00f3n corporal - Think Eat | Espai de Nutrici\u00f3 | Barcelona","description":"Hazte un an\u00e1lisis corporal y obt\u00e9n informaci\u00f3n precisa y \u00fatil sobre su estado f\u00edsico y toma el control de tu salud con Think'Eat.","robots":{"index":"index","follow":"follow","max-snippet":"max-snippet:-1","max-image-preview":"max-image-preview:large","max-video-preview":"max-video-preview:-1"},"canonical":"https:\/\/thinkeat.cat\/es\/producto\/analisis-de-la-composicion-corporal\/","og_locale":"es_ES","og_type":"article","og_title":"An\u00e1lisis de la composici\u00f3n corporal - Think Eat | Espai de Nutrici\u00f3 | Barcelona","og_description":"Hazte un an\u00e1lisis corporal y obt\u00e9n informaci\u00f3n precisa y \u00fatil sobre su estado f\u00edsico y toma el control de tu salud con Think'Eat.","og_url":"https:\/\/thinkeat.cat\/es\/producto\/analisis-de-la-composicion-corporal\/","og_site_name":"Think Eat | Espai de Nutrici\u00f3 | Barcelona","article_publisher":"https:\/\/www.facebook.com\/EspaiThinkEat\/","article_modified_time":"2024-07-09T11:22:19+00:00","og_image":[{"width":1000,"height":1039,"url":"https:\/\/thinkeat.cat\/wp-content\/uploads\/2024\/05\/analisi.jpg","type":"image\/jpeg"}],"twitter_misc":{"Tiempo de lectura":"1 minuto"},"schema":{"@context":"https:\/\/schema.org","@graph":[{"@type":"WebPage","@id":"https:\/\/thinkeat.cat\/es\/producto\/analisis-de-la-composicion-corporal\/","url":"https:\/\/thinkeat.cat\/es\/producto\/analisis-de-la-composicion-corporal\/","name":"An\u00e1lisis de la composici\u00f3n corporal - Think Eat | Espai de Nutrici\u00f3 | Barcelona","isPartOf":{"@id":"https:\/\/thinkeat.cat\/#website"},"primaryImageOfPage":{"@id":"https:\/\/thinkeat.cat\/es\/producto\/analisis-de-la-composicion-corporal\/#primaryimage"},"image":{"@id":"https:\/\/thinkeat.cat\/es\/producto\/analisis-de-la-composicion-corporal\/#primaryimage"},"thumbnailUrl":"https:\/\/thinkeat.cat\/wp-content\/uploads\/2024\/05\/analisi.jpg","datePublished":"2024-05-15T09:06:07+00:00","dateModified":"2024-07-09T11:22:19+00:00","description":"Hazte un an\u00e1lisis corporal y obt\u00e9n informaci\u00f3n precisa y \u00fatil sobre su estado f\u00edsico y toma el control de tu salud con Think'Eat.","breadcrumb":{"@id":"https:\/\/thinkeat.cat\/es\/producto\/analisis-de-la-composicion-corporal\/#breadcrumb"},"inLanguage":"es","potentialAction":[{"@type":"ReadAction","target":["https:\/\/thinkeat.cat\/es\/producto\/analisis-de-la-composicion-corporal\/"]}]},{"@type":"ImageObject","inLanguage":"es","@id":"https:\/\/thinkeat.cat\/es\/producto\/analisis-de-la-composicion-corporal\/#primaryimage","url":"https:\/\/thinkeat.cat\/wp-content\/uploads\/2024\/05\/analisi.jpg","contentUrl":"https:\/\/thinkeat.cat\/wp-content\/uploads\/2024\/05\/analisi.jpg","width":1000,"height":1039},{"@type":"BreadcrumbList","@id":"https:\/\/thinkeat.cat\/es\/producto\/analisis-de-la-composicion-corporal\/#breadcrumb","itemListElement":[{"@type":"ListItem","position":1,"name":"Portada","item":"https:\/\/thinkeat.cat\/"},{"@type":"ListItem","position":2,"name":"SERVEIS I PRODUCTES","item":"https:\/\/thinkeat.cat\/seveis-i-productes\/"},{"@type":"ListItem","position":3,"name":"An\u00e1lisis de la composici\u00f3n corporal"}]},{"@type":"WebSite","@id":"https:\/\/thinkeat.cat\/#website","url":"https:\/\/thinkeat.cat\/","name":"Think Eat | Espai de Nutrici\u00f3 | Barcelona","description":"Think Eat, el teu espai d&#039;assessorament i coaching nutricional dedicat a guiar-te cap a una vida plena de salut i benestar.","publisher":{"@id":"https:\/\/thinkeat.cat\/#organization"},"alternateName":"Think Eat","potentialAction":[{"@type":"SearchAction","target":{"@type":"EntryPoint","urlTemplate":"https:\/\/thinkeat.cat\/?s={search_term_string}"},"query-input":{"@type":"PropertyValueSpecification","valueRequired":true,"valueName":"search_term_string"}}],"inLanguage":"es"},{"@type":"Organization","@id":"https:\/\/thinkeat.cat\/#organization","name":"Think Eat | Espai de Nutrici\u00f3 | Barcelona","alternateName":"Think Eat","url":"https:\/\/thinkeat.cat\/","logo":{"@type":"ImageObject","inLanguage":"es","@id":"https:\/\/thinkeat.cat\/#\/schema\/logo\/image\/","url":"https:\/\/thinkeat.cat\/wp-content\/uploads\/2024\/05\/Logo-1.png","contentUrl":"https:\/\/thinkeat.cat\/wp-content\/uploads\/2024\/05\/Logo-1.png","width":587,"height":128,"caption":"Think Eat | Espai de Nutrici\u00f3 | Barcelona"},"image":{"@id":"https:\/\/thinkeat.cat\/#\/schema\/logo\/image\/"},"sameAs":["https:\/\/www.facebook.com\/EspaiThinkEat\/","https:\/\/www.instagram.com\/EspaiThinkEat"]}]}},"_links":{"self":[{"href":"https:\/\/thinkeat.cat\/es\/wp-json\/wp\/v2\/product\/35325","targetHints":{"allow":["GET"]}}],"collection":[{"href":"https:\/\/thinkeat.cat\/es\/wp-json\/wp\/v2\/product"}],"about":[{"href":"https:\/\/thinkeat.cat\/es\/wp-json\/wp\/v2\/types\/product"}],"replies":[{"embeddable":true,"href":"https:\/\/thinkeat.cat\/es\/wp-json\/wp\/v2\/comments?post=35325"}],"wp:featuredmedia":[{"embeddable":true,"href":"https:\/\/thinkeat.cat\/es\/wp-json\/wp\/v2\/media\/34907"}],"wp:attachment":[{"href":"https:\/\/thinkeat.cat\/es\/wp-json\/wp\/v2\/media?parent=35325"}],"wp:term":[{"taxonomy":"product_brand","embeddable":true,"href":"https:\/\/thinkeat.cat\/es\/wp-json\/wp\/v2\/product_brand?post=35325"},{"taxonomy":"product_cat","embeddable":true,"href":"https:\/\/thinkeat.cat\/es\/wp-json\/wp\/v2\/product_cat?post=35325"},{"taxonomy":"product_tag","embeddable":true,"href":"https:\/\/thinkeat.cat\/es\/wp-json\/wp\/v2\/product_tag?post=35325"}],"curies":[{"name":"wp","href":"https:\/\/api.w.org\/{rel}","templated":true}]}}