{"id":35048,"date":"2024-05-13T16:45:05","date_gmt":"2024-05-13T14:45:05","guid":{"rendered":"https:\/\/thinkeat.cat\/declaracio-daccessibilitat\/"},"modified":"2024-06-18T12:20:13","modified_gmt":"2024-06-18T10:20:13","slug":"declaracion-accesibilidad","status":"publish","type":"page","link":"https:\/\/thinkeat.cat\/es\/declaracion-accesibilidad\/","title":{"rendered":"DECLARACI\u00d3N DE ACCESIBILIDAD"},"content":{"rendered":"<p><strong>Informaci\u00f3n obligatoria<\/strong><\/p>\n<ol>\n<li><strong>Declaraci\u00f3n de accesibilidad<\/strong><\/li>\n<\/ol>\n<p>Anna Villanueva Capella i Marta Guarro Riba se ha comprometido a hacer <em>accesible<\/em>\u00a0thinkeat.cat y <em>su aplicaci\u00f3n para dispositivos m\u00f3viles<\/em> de conformidad con el Real Decreto 1112\/2018, de 7 de septiembre, sobre accesibilidad de los sitios web y aplicaciones para dispositivos m\u00f3viles del sector p\u00fablico .<\/p>\n<p>La presente declaraci\u00f3n de accesibilidad se aplica al sitio web https:\/\/thinkeat.cat<\/p>\n<ol>\n<li><strong>Situaci\u00f3n de cumplimiento<\/strong><\/li>\n<\/ol>\n<p>Este sitio web es <strong>parcialmente conforme<\/strong> con el Real Decreto 1112\/2018, de 7 de septiembre, debido a la falta de conformidad de los aspectos que se indican a continuaci\u00f3n.<\/p>\n<p><strong>Contenido no accesible<\/strong><\/p>\n<p>El contenido que se recoge a continuaci\u00f3n no es accesible por lo siguiente:<\/p>\n<ol>\n<li><strong><a href=\"https:\/\/www.hacienda.gob.es\/es-ES\/Paginas\/Accesibilidad-no-conforme.aspx\">Falta de conformidad con el Real Decreto 1112\/2018, de 7 de septiembre<\/a><\/strong>: podr\u00edan existir fallos puntuales de edici\u00f3n en alguna p\u00e1gina web, tanto en contenidos HTML como en documentos finales, publicados en fecha posterior al 20 de septiembre de 2018 (fecha de entrada en vigor del Real Decreto 1112\/2018, de 7 de septiembre). Concretamente puede haber errores en aquellos documentos que contienen gr\u00e1ficos, tablas complejas o en aquellos firmados electr\u00f3nicamente antes de su revisi\u00f3n de accesibilidad.<\/li>\n<li><strong>Carga desproporcionada<\/strong>: no aplica.<\/li>\n<li>El contenido <strong>no entra dentro del \u00e1mbito de la legislaci\u00f3n<\/strong> aplicable: Existen archivos ofim\u00e1ticos en PDF u otros formatos publicados antes del 20 de septiembre de 2018 que no cumplen en su totalidad todos los requisitos de accesibilidad; tambi\u00e9n pueden estar en esa situaci\u00f3n contenidos de terceros no financiados, ni desarrollados, ni bajo el control de este empresa.<\/li>\n<\/ol>\n<p><strong>Preparaci\u00f3n de la presente declaraci\u00f3n de accesibilidad<\/strong><\/p>\n<p>La presente declaraci\u00f3n fue preparada el 513 de mayo de 2024.<\/p>\n<p>El m\u00e9todo empleado para preparar la declaraci\u00f3n ha sido una autoevaluaci\u00f3n llevada a cabo por el propio organismo.<\/p>\n<p>\u00daltima revisi\u00f3n de la declaraci\u00f3n: 13 de mayo de 2024<\/p>\n<p><strong>Observaciones y datos de contacto<\/strong><\/p>\n<p>Puede realizar comunicaciones sobre requisitos de accesibilidad (art\u00edculo 10.2.a) del Real Decreto 1112\/2018, de 7 de septiembre) como, por ejemplo:<\/p>\n<ul>\n<li>Informar sobre cualquier posible incumplimiento por parte de este sitio web.<\/li>\n<li>Transmitir otras dificultades de acceso al contenido.<\/li>\n<li>Formular cualquier otra consulta o sugerencia de mejora relativa a la accesibilidad del sitio web.<\/li>\n<\/ul>\n<p>A trav\u00e9s de las siguientes v\u00edas:<\/p>\n<ul>\n<li>Correo electr\u00f3nico: info@thinkeat.cat<\/li>\n<li>Tel\u00e9fonos: +34 679 64 60 65<\/li>\n<\/ul>\n<p>Tambi\u00e9n puede solicitar en formato accesible informaci\u00f3n que no cumpla con los requisitos de accesibilidad bien por estar excluida, bien por estar exenta por carga desproporcionada; o formular una queja por incumplimiento de los requisitos de accesibilidad. <a href=\"https:\/\/thinkeat.cat\/es\/contacto\/\">Enlace<\/a> al procedimiento de solicitud de informaci\u00f3n accesible y quejas\u00a0del art\u00edculo 12 del Real Decreto 1112\/2018, de 7 de septiembre.<\/p>\n<p>Las comunicaciones, solicitudes de informaci\u00f3n accesible y quejas debe dirigirlas responsable de los contenidos de este sitio web.<\/p>\n<p><strong>Procedimiento de aplicaci\u00f3n<\/strong><\/p>\n<p>A trav\u00e9s de este procedimiento podr\u00e1 iniciar una reclamaci\u00f3n para conocer y oponerse a los motivos de la desestimaci\u00f3n de una solicitud de informaci\u00f3n accesible o queja, instar la adopci\u00f3n de las medidas oportunas en el caso de no estar de acuerdo con la decisi\u00f3n adoptada, o exponer las razones por las que se considera que la respuesta no cumple con los requisitos exigidos.<\/p>\n<p>Enlace al , que debe dirigir responsable de este sitio web, al superior jer\u00e1rquico de \u00e9sta.<\/p>\n<p>&nbsp;<\/p>\n","protected":false},"excerpt":{"rendered":"<p>Informaci\u00f3n obligatoria Declaraci\u00f3n de accesibilidad Anna Villanueva Capella i Marta Guarro Riba se ha comprometido a hacer accesible\u00a0thinkeat.cat y su aplicaci\u00f3n para dispositivos m\u00f3viles de conformidad con el Real Decreto 1112\/2018, de 7 de septiembre, sobre accesibilidad de los sitios web y aplicaciones para dispositivos m\u00f3viles del sector p\u00fablico . La presente declaraci\u00f3n de accesibilidad [&hellip;]<\/p>\n","protected":false},"author":1,"featured_media":0,"parent":0,"menu_order":0,"comment_status":"closed","ping_status":"closed","template":"","meta":{"_et_pb_use_builder":"","_et_pb_old_content":"","_et_gb_content_width":"","footnotes":""},"class_list":["post-35048","page","type-page","status-publish","hentry"],"yoast_head":"<!-- This site is optimized with the Yoast SEO plugin v27.5 - https:\/\/yoast.com\/product\/yoast-seo-wordpress\/ -->\n<title>DECLARACI\u00d3N DE ACCESIBILIDAD - Think Eat | Espai de Nutrici\u00f3 | Barcelona<\/title>\n<meta name=\"robots\" content=\"index, follow, max-snippet:-1, max-image-preview:large, max-video-preview:-1\" \/>\n<link rel=\"canonical\" href=\"https:\/\/thinkeat.cat\/es\/declaracion-accesibilidad\/\" \/>\n<meta property=\"og:locale\" content=\"es_ES\" \/>\n<meta property=\"og:type\" content=\"article\" \/>\n<meta property=\"og:title\" content=\"DECLARACI\u00d3N DE ACCESIBILIDAD - Think Eat | Espai de Nutrici\u00f3 | Barcelona\" \/>\n<meta property=\"og:description\" content=\"Informaci\u00f3n obligatoria Declaraci\u00f3n de accesibilidad Anna Villanueva Capella i Marta Guarro Riba se ha comprometido a hacer accesible\u00a0thinkeat.cat y su aplicaci\u00f3n para dispositivos m\u00f3viles de conformidad con el Real Decreto 1112\/2018, de 7 de septiembre, sobre accesibilidad de los sitios web y aplicaciones para dispositivos m\u00f3viles del sector p\u00fablico . La presente declaraci\u00f3n de accesibilidad [&hellip;]\" \/>\n<meta property=\"og:url\" content=\"https:\/\/thinkeat.cat\/es\/declaracion-accesibilidad\/\" \/>\n<meta property=\"og:site_name\" content=\"Think Eat | Espai de Nutrici\u00f3 | Barcelona\" \/>\n<meta property=\"article:publisher\" content=\"https:\/\/www.facebook.com\/EspaiThinkEat\/\" \/>\n<meta property=\"article:modified_time\" content=\"2024-06-18T10:20:13+00:00\" \/>\n<meta property=\"og:image\" content=\"https:\/\/thinkeat.cat\/wp-content\/uploads\/2024\/05\/primera-visita.jpg\" \/>\n\t<meta property=\"og:image:width\" content=\"1000\" \/>\n\t<meta property=\"og:image:height\" content=\"1039\" \/>\n\t<meta property=\"og:image:type\" content=\"image\/jpeg\" \/>\n<meta name=\"twitter:label1\" content=\"Tiempo de lectura\" \/>\n\t<meta name=\"twitter:data1\" content=\"3 minutos\" \/>\n<script type=\"application\/ld+json\" class=\"yoast-schema-graph\">{\"@context\":\"https:\\\/\\\/schema.org\",\"@graph\":[{\"@type\":\"WebPage\",\"@id\":\"https:\\\/\\\/thinkeat.cat\\\/es\\\/declaracion-accesibilidad\\\/\",\"url\":\"https:\\\/\\\/thinkeat.cat\\\/es\\\/declaracion-accesibilidad\\\/\",\"name\":\"DECLARACI\u00d3N DE ACCESIBILIDAD - Think Eat | Espai de Nutrici\u00f3 | Barcelona\",\"isPartOf\":{\"@id\":\"https:\\\/\\\/thinkeat.cat\\\/#website\"},\"datePublished\":\"2024-05-13T14:45:05+00:00\",\"dateModified\":\"2024-06-18T10:20:13+00:00\",\"breadcrumb\":{\"@id\":\"https:\\\/\\\/thinkeat.cat\\\/es\\\/declaracion-accesibilidad\\\/#breadcrumb\"},\"inLanguage\":\"es\",\"potentialAction\":[{\"@type\":\"ReadAction\",\"target\":[\"https:\\\/\\\/thinkeat.cat\\\/es\\\/declaracion-accesibilidad\\\/\"]}]},{\"@type\":\"BreadcrumbList\",\"@id\":\"https:\\\/\\\/thinkeat.cat\\\/es\\\/declaracion-accesibilidad\\\/#breadcrumb\",\"itemListElement\":[{\"@type\":\"ListItem\",\"position\":1,\"name\":\"Portada\",\"item\":\"https:\\\/\\\/thinkeat.cat\\\/\"},{\"@type\":\"ListItem\",\"position\":2,\"name\":\"DECLARACI\u00d3N DE ACCESIBILIDAD\"}]},{\"@type\":\"WebSite\",\"@id\":\"https:\\\/\\\/thinkeat.cat\\\/#website\",\"url\":\"https:\\\/\\\/thinkeat.cat\\\/\",\"name\":\"Think Eat | Espai de Nutrici\u00f3 | Barcelona\",\"description\":\"Think Eat, el teu espai d&#039;assessorament i coaching nutricional dedicat a guiar-te cap a una vida plena de salut i benestar.\",\"publisher\":{\"@id\":\"https:\\\/\\\/thinkeat.cat\\\/#organization\"},\"alternateName\":\"Think Eat\",\"potentialAction\":[{\"@type\":\"SearchAction\",\"target\":{\"@type\":\"EntryPoint\",\"urlTemplate\":\"https:\\\/\\\/thinkeat.cat\\\/?s={search_term_string}\"},\"query-input\":{\"@type\":\"PropertyValueSpecification\",\"valueRequired\":true,\"valueName\":\"search_term_string\"}}],\"inLanguage\":\"es\"},{\"@type\":\"Organization\",\"@id\":\"https:\\\/\\\/thinkeat.cat\\\/#organization\",\"name\":\"Think Eat | Espai de Nutrici\u00f3 | Barcelona\",\"alternateName\":\"Think Eat\",\"url\":\"https:\\\/\\\/thinkeat.cat\\\/\",\"logo\":{\"@type\":\"ImageObject\",\"inLanguage\":\"es\",\"@id\":\"https:\\\/\\\/thinkeat.cat\\\/#\\\/schema\\\/logo\\\/image\\\/\",\"url\":\"https:\\\/\\\/thinkeat.cat\\\/wp-content\\\/uploads\\\/2024\\\/05\\\/Logo-1.png\",\"contentUrl\":\"https:\\\/\\\/thinkeat.cat\\\/wp-content\\\/uploads\\\/2024\\\/05\\\/Logo-1.png\",\"width\":587,\"height\":128,\"caption\":\"Think Eat | Espai de Nutrici\u00f3 | Barcelona\"},\"image\":{\"@id\":\"https:\\\/\\\/thinkeat.cat\\\/#\\\/schema\\\/logo\\\/image\\\/\"},\"sameAs\":[\"https:\\\/\\\/www.facebook.com\\\/EspaiThinkEat\\\/\",\"https:\\\/\\\/www.instagram.com\\\/EspaiThinkEat\"]}]}<\/script>\n<!-- \/ Yoast SEO plugin. -->","yoast_head_json":{"title":"DECLARACI\u00d3N DE ACCESIBILIDAD - Think Eat | Espai de Nutrici\u00f3 | Barcelona","robots":{"index":"index","follow":"follow","max-snippet":"max-snippet:-1","max-image-preview":"max-image-preview:large","max-video-preview":"max-video-preview:-1"},"canonical":"https:\/\/thinkeat.cat\/es\/declaracion-accesibilidad\/","og_locale":"es_ES","og_type":"article","og_title":"DECLARACI\u00d3N DE ACCESIBILIDAD - Think Eat | Espai de Nutrici\u00f3 | Barcelona","og_description":"Informaci\u00f3n obligatoria Declaraci\u00f3n de accesibilidad Anna Villanueva Capella i Marta Guarro Riba se ha comprometido a hacer accesible\u00a0thinkeat.cat y su aplicaci\u00f3n para dispositivos m\u00f3viles de conformidad con el Real Decreto 1112\/2018, de 7 de septiembre, sobre accesibilidad de los sitios web y aplicaciones para dispositivos m\u00f3viles del sector p\u00fablico . La presente declaraci\u00f3n de accesibilidad [&hellip;]","og_url":"https:\/\/thinkeat.cat\/es\/declaracion-accesibilidad\/","og_site_name":"Think Eat | Espai de Nutrici\u00f3 | Barcelona","article_publisher":"https:\/\/www.facebook.com\/EspaiThinkEat\/","article_modified_time":"2024-06-18T10:20:13+00:00","og_image":[{"width":1000,"height":1039,"url":"https:\/\/thinkeat.cat\/wp-content\/uploads\/2024\/05\/primera-visita.jpg","type":"image\/jpeg"}],"twitter_misc":{"Tiempo de lectura":"3 minutos"},"schema":{"@context":"https:\/\/schema.org","@graph":[{"@type":"WebPage","@id":"https:\/\/thinkeat.cat\/es\/declaracion-accesibilidad\/","url":"https:\/\/thinkeat.cat\/es\/declaracion-accesibilidad\/","name":"DECLARACI\u00d3N DE ACCESIBILIDAD - Think Eat | Espai de Nutrici\u00f3 | Barcelona","isPartOf":{"@id":"https:\/\/thinkeat.cat\/#website"},"datePublished":"2024-05-13T14:45:05+00:00","dateModified":"2024-06-18T10:20:13+00:00","breadcrumb":{"@id":"https:\/\/thinkeat.cat\/es\/declaracion-accesibilidad\/#breadcrumb"},"inLanguage":"es","potentialAction":[{"@type":"ReadAction","target":["https:\/\/thinkeat.cat\/es\/declaracion-accesibilidad\/"]}]},{"@type":"BreadcrumbList","@id":"https:\/\/thinkeat.cat\/es\/declaracion-accesibilidad\/#breadcrumb","itemListElement":[{"@type":"ListItem","position":1,"name":"Portada","item":"https:\/\/thinkeat.cat\/"},{"@type":"ListItem","position":2,"name":"DECLARACI\u00d3N DE ACCESIBILIDAD"}]},{"@type":"WebSite","@id":"https:\/\/thinkeat.cat\/#website","url":"https:\/\/thinkeat.cat\/","name":"Think Eat | Espai de Nutrici\u00f3 | Barcelona","description":"Think Eat, el teu espai d&#039;assessorament i coaching nutricional dedicat a guiar-te cap a una vida plena de salut i benestar.","publisher":{"@id":"https:\/\/thinkeat.cat\/#organization"},"alternateName":"Think Eat","potentialAction":[{"@type":"SearchAction","target":{"@type":"EntryPoint","urlTemplate":"https:\/\/thinkeat.cat\/?s={search_term_string}"},"query-input":{"@type":"PropertyValueSpecification","valueRequired":true,"valueName":"search_term_string"}}],"inLanguage":"es"},{"@type":"Organization","@id":"https:\/\/thinkeat.cat\/#organization","name":"Think Eat | Espai de Nutrici\u00f3 | Barcelona","alternateName":"Think Eat","url":"https:\/\/thinkeat.cat\/","logo":{"@type":"ImageObject","inLanguage":"es","@id":"https:\/\/thinkeat.cat\/#\/schema\/logo\/image\/","url":"https:\/\/thinkeat.cat\/wp-content\/uploads\/2024\/05\/Logo-1.png","contentUrl":"https:\/\/thinkeat.cat\/wp-content\/uploads\/2024\/05\/Logo-1.png","width":587,"height":128,"caption":"Think Eat | Espai de Nutrici\u00f3 | Barcelona"},"image":{"@id":"https:\/\/thinkeat.cat\/#\/schema\/logo\/image\/"},"sameAs":["https:\/\/www.facebook.com\/EspaiThinkEat\/","https:\/\/www.instagram.com\/EspaiThinkEat"]}]}},"_links":{"self":[{"href":"https:\/\/thinkeat.cat\/es\/wp-json\/wp\/v2\/pages\/35048","targetHints":{"allow":["GET"]}}],"collection":[{"href":"https:\/\/thinkeat.cat\/es\/wp-json\/wp\/v2\/pages"}],"about":[{"href":"https:\/\/thinkeat.cat\/es\/wp-json\/wp\/v2\/types\/page"}],"author":[{"embeddable":true,"href":"https:\/\/thinkeat.cat\/es\/wp-json\/wp\/v2\/users\/1"}],"replies":[{"embeddable":true,"href":"https:\/\/thinkeat.cat\/es\/wp-json\/wp\/v2\/comments?post=35048"}],"version-history":[{"count":1,"href":"https:\/\/thinkeat.cat\/es\/wp-json\/wp\/v2\/pages\/35048\/revisions"}],"predecessor-version":[{"id":35049,"href":"https:\/\/thinkeat.cat\/es\/wp-json\/wp\/v2\/pages\/35048\/revisions\/35049"}],"wp:attachment":[{"href":"https:\/\/thinkeat.cat\/es\/wp-json\/wp\/v2\/media?parent=35048"}],"curies":[{"name":"wp","href":"https:\/\/api.w.org\/{rel}","templated":true}]}}