{"id":35000,"date":"2024-04-22T18:38:49","date_gmt":"2024-04-22T16:38:49","guid":{"rendered":"https:\/\/thinkeat.cat\/empreses\/"},"modified":"2024-07-03T09:27:37","modified_gmt":"2024-07-03T07:27:37","slug":"empresas","status":"publish","type":"page","link":"https:\/\/thinkeat.cat\/es\/empresas\/","title":{"rendered":"EMPRESAS"},"content":{"rendered":"[et_pb_section fb_built=\u00bb1&#8243; admin_label=\u00bbHeader\u00bb _builder_version=\u00bb4.25.0&#8243; _module_preset=\u00bbdefault\u00bb background_image=\u00bbhttps:\/\/thinkeat.cat\/wp-content\/uploads\/2024\/04\/42589.jpg\u00bb parallax=\u00bbon\u00bb custom_padding=\u00bb6vw||6vw||true|false\u00bb locked=\u00bboff\u00bb collapsed=\u00bbon\u00bb global_colors_info=\u00bb{}\u00bb][et_pb_row custom_padding_last_edited=\u00bbon|tablet\u00bb _builder_version=\u00bb4.24.2&#8243; _module_preset=\u00bbdefault\u00bb background_color=\u00bbrgba(255,255,255,0.93)\u00bb custom_padding=\u00bb60px|60px|60px|60px|true|true\u00bb custom_padding_tablet=\u00bb30px|30px|30px|30px|true|true\u00bb custom_padding_phone=\u00bb20px|20px|20px|20px|true|true\u00bb animation_style=\u00bbslide\u00bb animation_direction=\u00bbbottom\u00bb animation_intensity_slide=\u00bb10%\u00bb box_shadow_style=\u00bbpreset4&#8243; box_shadow_horizontal=\u00bb0px\u00bb box_shadow_blur=\u00bb60px\u00bb box_shadow_spread=\u00bb-10px\u00bb box_shadow_color=\u00bbrgba(0,0,0,0.15)\u00bb global_colors_info=\u00bb{}\u00bb][et_pb_column type=\u00bb4_4&#8243; _builder_version=\u00bb4.24.2&#8243; _module_preset=\u00bbdefault\u00bb global_colors_info=\u00bb{}\u00bb][et_pb_text _builder_version=\u00bb4.25.2&#8243; _module_preset=\u00bb4b03ace1-cccf-4454-9da5-14aaa9575fb4&#8243; text_font_size=\u00bb19px\u00bb custom_margin=\u00bb||10px||false|false\u00bb locked=\u00bboff\u00bb global_colors_info=\u00bb{}\u00bb]\n<h1>Talleres, charlas y actividades<\/h1>\n<p>Ofrecemos talleres, charlas y actividades a medida sobre nutrici\u00f3n y\/o coaching nutricional, tanto para grupos reducidos como grandes equipos, ya sean empresas o particulares.<\/p>\n[\/et_pb_text][\/et_pb_column][\/et_pb_row][\/et_pb_section][et_pb_section fb_built=\u00bb1&#8243; _builder_version=\u00bb4.25.0&#8243; _module_preset=\u00bbdefault\u00bb background_image=\u00bbhttps:\/\/thinkeat.cat\/wp-content\/uploads\/2024\/03\/nutrition-coaching-background-08.png\u00bb custom_margin=\u00bb||-2px|||\u00bb custom_padding=\u00bb0px|||||\u00bb global_colors_info=\u00bb{}\u00bb][et_pb_row column_structure=\u00bb1_2,1_2&#8243; make_equal=\u00bbon\u00bb _builder_version=\u00bb4.25.0&#8243; _module_preset=\u00bbdefault\u00bb custom_padding=\u00bb||||false|false\u00bb animation_style=\u00bbslide\u00bb animation_direction=\u00bbbottom\u00bb animation_intensity_slide=\u00bb10%\u00bb global_colors_info=\u00bb{}\u00bb][et_pb_column type=\u00bb1_2&#8243; _builder_version=\u00bb4.24.2&#8243; _module_preset=\u00bbdefault\u00bb global_colors_info=\u00bb{}\u00bb][et_pb_blurb title=\u00bbEmpresas\u00bb _builder_version=\u00bb4.25.2&#8243; _module_preset=\u00bbd3ee4d98-b024-4dbb-9841-99749b5d60d4&#8243; background_color=\u00bb#FFFFFF\u00bb custom_margin=\u00bb||||false|false\u00bb custom_padding=\u00bb40px|30px|40px|30px|true|true\u00bb border_width_all=\u00bb2px\u00bb border_color_all=\u00bb#A8C8AF\u00bb locked=\u00bboff\u00bb global_colors_info=\u00bb{%22gcid-95530a2b-5e91-45c7-8ffb-59bb0a37f154%22:%91%22image_icon_background_color%22,%22image_icon_background_color%22,%22image_icon_background_color%22,%22image_icon_background_color%22%93}\u00bb]\n<div class=\"et_pb_blurb_description\">\n<p style=\"text-align: justify;\">La mejora de los h\u00e1bitos alimenticios beneficia tanto al empleado como a la empresa. La OMS ha detectado que una nutrici\u00f3n adecuada puede aumentar la productividad hasta un 20%, haciendo que los empleados est\u00e9n m\u00e1s felices, calmados, motivados, duerman mejor y causen menos bajas por enfermedad. En Think&#8217;Eat nos adaptamos a las necesidades de cada cliente creando c\u00e1psulas a medida.<\/p>\n<\/div>\n[\/et_pb_blurb][et_pb_blurb title=\u00bbRestauraci\u00f3n\u00bb _builder_version=\u00bb4.25.2&#8243; _module_preset=\u00bbd3ee4d98-b024-4dbb-9841-99749b5d60d4&#8243; background_color=\u00bb#FFFFFF\u00bb custom_margin=\u00bb||-2px||false|false\u00bb custom_padding=\u00bb40px|30px|40px|30px|true|true\u00bb custom_padding_tablet=\u00bb40px|30px|40px|30px|true|true\u00bb custom_padding_phone=\u00bb30px|20px|30px|20px|true|true\u00bb custom_padding_last_edited=\u00bbon|tablet\u00bb border_width_all=\u00bb2px\u00bb border_color_all=\u00bb#A8C8AF\u00bb locked=\u00bboff\u00bb global_colors_info=\u00bb{%22gcid-95530a2b-5e91-45c7-8ffb-59bb0a37f154%22:%91%22image_icon_background_color%22,%22image_icon_background_color%22%93}\u00bb]\n<div class=\"et_pb_blurb_description\">\n<p style=\"text-align: justify;\">Asesoramiento nutricional a medida a colectivos de restauraci\u00f3n (guarder\u00eda, escuelas, hoteles, centros geri\u00e1tricos, caterings, restaurantes, etc.)<\/p>\n<\/div>\n[\/et_pb_blurb][et_pb_divider _builder_version=\u00bb4.24.3&#8243; _module_preset=\u00bbdefault\u00bb global_colors_info=\u00bb{}\u00bb][\/et_pb_divider][et_pb_blurb title=\u00bbGrupos particulares\u00bb _builder_version=\u00bb4.25.2&#8243; _module_preset=\u00bbd3ee4d98-b024-4dbb-9841-99749b5d60d4&#8243; background_color=\u00bb#FFFFFF\u00bb custom_margin=\u00bb||||false|false\u00bb custom_padding=\u00bb40px|30px|40px|30px|true|true\u00bb border_width_all=\u00bb2px\u00bb border_color_all=\u00bb#A8C8AF\u00bb locked=\u00bboff\u00bb global_colors_info=\u00bb{%22gcid-95530a2b-5e91-45c7-8ffb-59bb0a37f154%22:%91%22image_icon_background_color%22,%22image_icon_background_color%22,%22image_icon_background_color%22,%22image_icon_background_color%22%93}\u00bb]\n<div class=\"et_pb_blurb_description\">\n<p style=\"text-align: justify;\">Pensado por colectivos con intereses comunes. Por ejemplo, charlas de nutrici\u00f3n y embarazo para futuras madres, alimentaci\u00f3n en la infancia por padres y tutores, introducci\u00f3n al vegetarianismo por grupos, alimentaci\u00f3n saludable familiar por AMPAs, cocina baja en calor\u00edas para mujeres en post-menopausia, etc.<\/p>\n<\/div>\n[\/et_pb_blurb][\/et_pb_column][et_pb_column type=\u00bb1_2&#8243; _builder_version=\u00bb4.24.2&#8243; _module_preset=\u00bbdefault\u00bb global_colors_info=\u00bb{}\u00bb][et_pb_image src=\u00bbhttps:\/\/thinkeat.cat\/wp-content\/uploads\/2024\/04\/Think.png\u00bb alt=\u00bbMenjar sa\u00bb title_text=\u00bbThink\u00bb _builder_version=\u00bb4.25.0&#8243; _module_preset=\u00bbdefault\u00bb global_colors_info=\u00bb{}\u00bb][\/et_pb_image][et_pb_text _builder_version=\u00bb4.25.2&#8243; _module_preset=\u00bb913ca1ff-355e-499f-bc5d-7d63005f5f6e\u00bb text_font=\u00bb||||||||\u00bb text_font_size=\u00bb28px\u00bb animation_style=\u00bbslide\u00bb animation_direction=\u00bbright\u00bb animation_intensity_slide=\u00bb10%\u00bb text_font_size_tablet=\u00bb\u00bb text_font_size_phone=\u00bb13px\u00bb text_font_size_last_edited=\u00bbon|phone\u00bb locked=\u00bboff\u00bb global_colors_info=\u00bb{}\u00bb]\n<p style=\"text-align: center;\"><span>\u00a1P\u00eddenos presupuesto a medida!<\/span><\/p>\n[\/et_pb_text][et_pb_button button_url=\u00bbhttps:\/\/thinkeat.cat\/es\/contacto\/\u00bb button_text=\u00bbContacta con nosotros\u00bb button_alignment=\u00bbcenter\u00bb button_alignment_tablet=\u00bbcenter\u00bb button_alignment_phone=\u00bbcenter\u00bb button_alignment_last_edited=\u00bboff|desktop\u00bb _builder_version=\u00bb4.25.2&#8243; _module_preset=\u00bbb1c5a17e-9f3a-41ba-9fe0-f53d3e9277a5&#8243; button_text_size=\u00bb18px\u00bb button_text_color=\u00bb#FFFFFF\u00bb button_bg_color=\u00bb#A8C8AF\u00bb animation_style=\u00bbslide\u00bb animation_direction=\u00bbright\u00bb animation_intensity_slide=\u00bb10%\u00bb hover_enabled=\u00bb0&#8243; locked=\u00bboff\u00bb global_colors_info=\u00bb{}\u00bb sticky_enabled=\u00bb0&#8243;][\/et_pb_button][\/et_pb_column][\/et_pb_row][et_pb_row _builder_version=\u00bb4.25.1&#8243; _module_preset=\u00bbdefault\u00bb global_colors_info=\u00bb{}\u00bb][et_pb_column type=\u00bb4_4&#8243; _builder_version=\u00bb4.25.1&#8243; _module_preset=\u00bbdefault\u00bb global_colors_info=\u00bb{}\u00bb][et_pb_code _builder_version=\u00bb4.25.1&#8243; _module_preset=\u00bbdefault\u00bb global_colors_info=\u00bb{}\u00bb]<span class=\"collapseomatic \" id=\"id69fb32e36be34\"  tabindex=\"0\" title=\"\"    ><\/span><div id=\"target-id69fb32e36be34\" class=\"collapseomatic_content \"><!-- [et_pb_line_break_holder] --><!-- [et_pb_line_break_holder] -->Think&#8217;Eat \u00e9s una empresa dedicada a fomentar la consci\u00e8ncia nutricional mitjan\u00e7ant tallers, xerrades i activitats adaptades per a grups i empreses. L&#8217;enfocament principal de Think&#8217;Eat \u00e9s educar i promoure h\u00e0bits alimentaris saludables d&#8217;una manera interactiva i participativa.<!-- [et_pb_line_break_holder] --><!-- [et_pb_line_break_holder] -->Els tallers que ofereix Think&#8217;Eat aborden diverses tem\u00e0tiques com la import\u00e0ncia dels aliments frescos i no processats, la lectura d&#8217;etiquetes nutricionals, les estrat\u00e8gies per una dieta equilibrada i les repercussions dels h\u00e0bits alimentaris en la salut general. Aquests tallers s\u00f3n dissenyats per ser informatius i pr\u00e0ctics, involucrant als participants amb demostracions culin\u00e0ries i exercicis pr\u00e0ctics.<!-- [et_pb_line_break_holder] --><!-- [et_pb_line_break_holder] -->Les xerrades de Think&#8217;Eat s\u00f3n impartides per experts en nutrici\u00f3 i salut, que ofereixen informaci\u00f3 actualitzada i consells pr\u00e0ctics per optimitzar la nutrici\u00f3 di\u00e0ria. A m\u00e9s, l&#8217;empresa pot adaptar les xerrades per abordar temes espec\u00edfics relacionats amb la nutrici\u00f3, com ara la gesti\u00f3 del pes, l&#8217;alimentaci\u00f3 per a l&#8217;energia o les necessitats nutricionals en diferents etapes de la vida.<!-- [et_pb_line_break_holder] --><!-- [et_pb_line_break_holder] -->Les activitats de team building de Think&#8217;Eat s\u00f3n una oportunitat per fomentar la cohesi\u00f3 d&#8217;equip a trav\u00e9s de la preparaci\u00f3 i el consum d&#8217;aliments saludables. Aquests esdeveniments promouen la comunicaci\u00f3 i el treball en equip mentre es posa \u00e8mfasi en les eleccions d&#8217;aliments que benefici\u00efn el benestar general.<!-- [et_pb_line_break_holder] --><!-- [et_pb_line_break_holder] -->En conjunt, Think&#8217;Eat busca inspirar canvis positius en els h\u00e0bits alimentaris de les persones, tant a nivell individual com en entorns de treball, promocionant una visi\u00f3 integral de la salut a trav\u00e9s de la nutrici\u00f3.<!-- [et_pb_line_break_holder] --><!-- [et_pb_line_break_holder] --><a href=\"https:\/\/thinkeat.cat\/es\/\">Tallers<\/a><!-- [et_pb_line_break_holder] --><!-- [et_pb_line_break_holder] --><\/div><!-- [et_pb_line_break_holder] --><!-- [et_pb_line_break_holder] -->[\/et_pb_code][\/et_pb_column][\/et_pb_row][\/et_pb_section]\n","protected":false},"excerpt":{"rendered":"<p>Talleres, charlas y actividades Ofrecemos talleres, charlas y actividades a medida sobre nutrici\u00f3n y\/o coaching nutricional, tanto para grupos reducidos como grandes equipos, ya sean empresas o particulares. La mejora de los h\u00e1bitos alimenticios beneficia tanto al empleado como a la empresa. La OMS ha detectado que una nutrici\u00f3n adecuada puede aumentar la productividad hasta [&hellip;]<\/p>\n","protected":false},"author":1,"featured_media":34885,"parent":0,"menu_order":0,"comment_status":"closed","ping_status":"closed","template":"","meta":{"_et_pb_use_builder":"on","_et_pb_old_content":"","_et_gb_content_width":"","footnotes":""},"class_list":["post-35000","page","type-page","status-publish","has-post-thumbnail","hentry"],"yoast_head":"<!-- This site is optimized with the Yoast SEO plugin v27.5 - https:\/\/yoast.com\/product\/yoast-seo-wordpress\/ -->\n<title>EMPRESAS - Think Eat | Espai de Nutrici\u00f3 | Barcelona<\/title>\n<meta name=\"description\" content=\"Oferim tallers i activitats a mida sobre nutrici\u00f3 i\/o coaching nutricional tant per a petits grups com grans equips, empreses o particulars\" \/>\n<meta name=\"robots\" content=\"index, follow, max-snippet:-1, max-image-preview:large, max-video-preview:-1\" \/>\n<link rel=\"canonical\" href=\"https:\/\/thinkeat.cat\/empreses\/\" \/>\n<meta property=\"og:locale\" content=\"es_ES\" \/>\n<meta property=\"og:type\" content=\"article\" \/>\n<meta property=\"og:title\" content=\"EMPRESAS - Think Eat | Espai de Nutrici\u00f3 | Barcelona\" \/>\n<meta property=\"og:description\" content=\"Oferim tallers i activitats a mida sobre nutrici\u00f3 i\/o coaching nutricional tant per a petits grups com grans equips, empreses o particulars\" \/>\n<meta property=\"og:url\" content=\"https:\/\/thinkeat.cat\/empreses\/\" \/>\n<meta property=\"og:site_name\" content=\"Think Eat | Espai de Nutrici\u00f3 | Barcelona\" \/>\n<meta property=\"article:publisher\" content=\"https:\/\/www.facebook.com\/EspaiThinkEat\/\" \/>\n<meta property=\"article:modified_time\" content=\"2024-07-03T07:27:37+00:00\" \/>\n<meta property=\"og:image\" content=\"https:\/\/thinkeat.cat\/wp-content\/uploads\/2024\/04\/42589.jpg\" \/>\n\t<meta property=\"og:image:width\" content=\"1500\" \/>\n\t<meta property=\"og:image:height\" content=\"1000\" \/>\n\t<meta property=\"og:image:type\" content=\"image\/jpeg\" \/>\n<meta name=\"twitter:label1\" content=\"Tiempo de lectura\" \/>\n\t<meta name=\"twitter:data1\" content=\"3 minutos\" \/>\n<script type=\"application\/ld+json\" class=\"yoast-schema-graph\">{\"@context\":\"https:\\\/\\\/schema.org\",\"@graph\":[{\"@type\":\"WebPage\",\"@id\":\"https:\\\/\\\/thinkeat.cat\\\/empreses\\\/\",\"url\":\"https:\\\/\\\/thinkeat.cat\\\/empreses\\\/\",\"name\":\"EMPRESAS - Think Eat | Espai de Nutrici\u00f3 | Barcelona\",\"isPartOf\":{\"@id\":\"https:\\\/\\\/thinkeat.cat\\\/#website\"},\"primaryImageOfPage\":{\"@id\":\"https:\\\/\\\/thinkeat.cat\\\/empreses\\\/#primaryimage\"},\"image\":{\"@id\":\"https:\\\/\\\/thinkeat.cat\\\/empreses\\\/#primaryimage\"},\"thumbnailUrl\":\"https:\\\/\\\/thinkeat.cat\\\/wp-content\\\/uploads\\\/2024\\\/04\\\/42589.jpg\",\"datePublished\":\"2024-04-22T16:38:49+00:00\",\"dateModified\":\"2024-07-03T07:27:37+00:00\",\"description\":\"Oferim tallers i activitats a mida sobre nutrici\u00f3 i\\\/o coaching nutricional tant per a petits grups com grans equips, empreses o particulars\",\"breadcrumb\":{\"@id\":\"https:\\\/\\\/thinkeat.cat\\\/empreses\\\/#breadcrumb\"},\"inLanguage\":\"es\",\"potentialAction\":[{\"@type\":\"ReadAction\",\"target\":[\"https:\\\/\\\/thinkeat.cat\\\/empreses\\\/\"]}]},{\"@type\":\"ImageObject\",\"inLanguage\":\"es\",\"@id\":\"https:\\\/\\\/thinkeat.cat\\\/empreses\\\/#primaryimage\",\"url\":\"https:\\\/\\\/thinkeat.cat\\\/wp-content\\\/uploads\\\/2024\\\/04\\\/42589.jpg\",\"contentUrl\":\"https:\\\/\\\/thinkeat.cat\\\/wp-content\\\/uploads\\\/2024\\\/04\\\/42589.jpg\",\"width\":1500,\"height\":1000},{\"@type\":\"BreadcrumbList\",\"@id\":\"https:\\\/\\\/thinkeat.cat\\\/empreses\\\/#breadcrumb\",\"itemListElement\":[{\"@type\":\"ListItem\",\"position\":1,\"name\":\"Portada\",\"item\":\"https:\\\/\\\/thinkeat.cat\\\/\"},{\"@type\":\"ListItem\",\"position\":2,\"name\":\"EMPRESAS\"}]},{\"@type\":\"WebSite\",\"@id\":\"https:\\\/\\\/thinkeat.cat\\\/#website\",\"url\":\"https:\\\/\\\/thinkeat.cat\\\/\",\"name\":\"Think Eat | Espai de Nutrici\u00f3 | Barcelona\",\"description\":\"Think Eat, el teu espai d&#039;assessorament i coaching nutricional dedicat a guiar-te cap a una vida plena de salut i benestar.\",\"publisher\":{\"@id\":\"https:\\\/\\\/thinkeat.cat\\\/#organization\"},\"alternateName\":\"Think Eat\",\"potentialAction\":[{\"@type\":\"SearchAction\",\"target\":{\"@type\":\"EntryPoint\",\"urlTemplate\":\"https:\\\/\\\/thinkeat.cat\\\/?s={search_term_string}\"},\"query-input\":{\"@type\":\"PropertyValueSpecification\",\"valueRequired\":true,\"valueName\":\"search_term_string\"}}],\"inLanguage\":\"es\"},{\"@type\":\"Organization\",\"@id\":\"https:\\\/\\\/thinkeat.cat\\\/#organization\",\"name\":\"Think Eat | Espai de Nutrici\u00f3 | Barcelona\",\"alternateName\":\"Think Eat\",\"url\":\"https:\\\/\\\/thinkeat.cat\\\/\",\"logo\":{\"@type\":\"ImageObject\",\"inLanguage\":\"es\",\"@id\":\"https:\\\/\\\/thinkeat.cat\\\/#\\\/schema\\\/logo\\\/image\\\/\",\"url\":\"https:\\\/\\\/thinkeat.cat\\\/wp-content\\\/uploads\\\/2024\\\/05\\\/Logo-1.png\",\"contentUrl\":\"https:\\\/\\\/thinkeat.cat\\\/wp-content\\\/uploads\\\/2024\\\/05\\\/Logo-1.png\",\"width\":587,\"height\":128,\"caption\":\"Think Eat | Espai de Nutrici\u00f3 | Barcelona\"},\"image\":{\"@id\":\"https:\\\/\\\/thinkeat.cat\\\/#\\\/schema\\\/logo\\\/image\\\/\"},\"sameAs\":[\"https:\\\/\\\/www.facebook.com\\\/EspaiThinkEat\\\/\",\"https:\\\/\\\/www.instagram.com\\\/EspaiThinkEat\"]}]}<\/script>\n<!-- \/ Yoast SEO plugin. -->","yoast_head_json":{"title":"EMPRESAS - Think Eat | Espai de Nutrici\u00f3 | Barcelona","description":"Oferim tallers i activitats a mida sobre nutrici\u00f3 i\/o coaching nutricional tant per a petits grups com grans equips, empreses o particulars","robots":{"index":"index","follow":"follow","max-snippet":"max-snippet:-1","max-image-preview":"max-image-preview:large","max-video-preview":"max-video-preview:-1"},"canonical":"https:\/\/thinkeat.cat\/empreses\/","og_locale":"es_ES","og_type":"article","og_title":"EMPRESAS - Think Eat | Espai de Nutrici\u00f3 | Barcelona","og_description":"Oferim tallers i activitats a mida sobre nutrici\u00f3 i\/o coaching nutricional tant per a petits grups com grans equips, empreses o particulars","og_url":"https:\/\/thinkeat.cat\/empreses\/","og_site_name":"Think Eat | Espai de Nutrici\u00f3 | Barcelona","article_publisher":"https:\/\/www.facebook.com\/EspaiThinkEat\/","article_modified_time":"2024-07-03T07:27:37+00:00","og_image":[{"width":1500,"height":1000,"url":"https:\/\/thinkeat.cat\/wp-content\/uploads\/2024\/04\/42589.jpg","type":"image\/jpeg"}],"twitter_misc":{"Tiempo de lectura":"3 minutos"},"schema":{"@context":"https:\/\/schema.org","@graph":[{"@type":"WebPage","@id":"https:\/\/thinkeat.cat\/empreses\/","url":"https:\/\/thinkeat.cat\/empreses\/","name":"EMPRESAS - Think Eat | Espai de Nutrici\u00f3 | Barcelona","isPartOf":{"@id":"https:\/\/thinkeat.cat\/#website"},"primaryImageOfPage":{"@id":"https:\/\/thinkeat.cat\/empreses\/#primaryimage"},"image":{"@id":"https:\/\/thinkeat.cat\/empreses\/#primaryimage"},"thumbnailUrl":"https:\/\/thinkeat.cat\/wp-content\/uploads\/2024\/04\/42589.jpg","datePublished":"2024-04-22T16:38:49+00:00","dateModified":"2024-07-03T07:27:37+00:00","description":"Oferim tallers i activitats a mida sobre nutrici\u00f3 i\/o coaching nutricional tant per a petits grups com grans equips, empreses o particulars","breadcrumb":{"@id":"https:\/\/thinkeat.cat\/empreses\/#breadcrumb"},"inLanguage":"es","potentialAction":[{"@type":"ReadAction","target":["https:\/\/thinkeat.cat\/empreses\/"]}]},{"@type":"ImageObject","inLanguage":"es","@id":"https:\/\/thinkeat.cat\/empreses\/#primaryimage","url":"https:\/\/thinkeat.cat\/wp-content\/uploads\/2024\/04\/42589.jpg","contentUrl":"https:\/\/thinkeat.cat\/wp-content\/uploads\/2024\/04\/42589.jpg","width":1500,"height":1000},{"@type":"BreadcrumbList","@id":"https:\/\/thinkeat.cat\/empreses\/#breadcrumb","itemListElement":[{"@type":"ListItem","position":1,"name":"Portada","item":"https:\/\/thinkeat.cat\/"},{"@type":"ListItem","position":2,"name":"EMPRESAS"}]},{"@type":"WebSite","@id":"https:\/\/thinkeat.cat\/#website","url":"https:\/\/thinkeat.cat\/","name":"Think Eat | Espai de Nutrici\u00f3 | Barcelona","description":"Think Eat, el teu espai d&#039;assessorament i coaching nutricional dedicat a guiar-te cap a una vida plena de salut i benestar.","publisher":{"@id":"https:\/\/thinkeat.cat\/#organization"},"alternateName":"Think Eat","potentialAction":[{"@type":"SearchAction","target":{"@type":"EntryPoint","urlTemplate":"https:\/\/thinkeat.cat\/?s={search_term_string}"},"query-input":{"@type":"PropertyValueSpecification","valueRequired":true,"valueName":"search_term_string"}}],"inLanguage":"es"},{"@type":"Organization","@id":"https:\/\/thinkeat.cat\/#organization","name":"Think Eat | Espai de Nutrici\u00f3 | Barcelona","alternateName":"Think Eat","url":"https:\/\/thinkeat.cat\/","logo":{"@type":"ImageObject","inLanguage":"es","@id":"https:\/\/thinkeat.cat\/#\/schema\/logo\/image\/","url":"https:\/\/thinkeat.cat\/wp-content\/uploads\/2024\/05\/Logo-1.png","contentUrl":"https:\/\/thinkeat.cat\/wp-content\/uploads\/2024\/05\/Logo-1.png","width":587,"height":128,"caption":"Think Eat | Espai de Nutrici\u00f3 | Barcelona"},"image":{"@id":"https:\/\/thinkeat.cat\/#\/schema\/logo\/image\/"},"sameAs":["https:\/\/www.facebook.com\/EspaiThinkEat\/","https:\/\/www.instagram.com\/EspaiThinkEat"]}]}},"_links":{"self":[{"href":"https:\/\/thinkeat.cat\/es\/wp-json\/wp\/v2\/pages\/35000","targetHints":{"allow":["GET"]}}],"collection":[{"href":"https:\/\/thinkeat.cat\/es\/wp-json\/wp\/v2\/pages"}],"about":[{"href":"https:\/\/thinkeat.cat\/es\/wp-json\/wp\/v2\/types\/page"}],"author":[{"embeddable":true,"href":"https:\/\/thinkeat.cat\/es\/wp-json\/wp\/v2\/users\/1"}],"replies":[{"embeddable":true,"href":"https:\/\/thinkeat.cat\/es\/wp-json\/wp\/v2\/comments?post=35000"}],"version-history":[{"count":6,"href":"https:\/\/thinkeat.cat\/es\/wp-json\/wp\/v2\/pages\/35000\/revisions"}],"predecessor-version":[{"id":35311,"href":"https:\/\/thinkeat.cat\/es\/wp-json\/wp\/v2\/pages\/35000\/revisions\/35311"}],"wp:featuredmedia":[{"embeddable":true,"href":"https:\/\/thinkeat.cat\/es\/wp-json\/wp\/v2\/media\/34885"}],"wp:attachment":[{"href":"https:\/\/thinkeat.cat\/es\/wp-json\/wp\/v2\/media?parent=35000"}],"curies":[{"name":"wp","href":"https:\/\/api.w.org\/{rel}","templated":true}]}}